{"id":763,"date":"2026-02-09T13:52:04","date_gmt":"2026-02-09T12:52:04","guid":{"rendered":"https:\/\/kiryoku-dojo.berlin\/?page_id=763"},"modified":"2026-02-15T09:28:32","modified_gmt":"2026-02-15T08:28:32","slug":"anfaengerkatas","status":"publish","type":"page","link":"https:\/\/kiryoku-dojo.berlin\/en\/anfaengerkatas\/","title":{"rendered":"Beginner Katas"},"content":{"rendered":"<p>All beginner katas at a glance. Please keep in mind that these videos are intended for reinforcing your skills and practicing at home. They are not meant for learning a kata from scratch, as the camera angle might be mirrored or the perspective may be slightly off. Please only use these videos for katas you have already practiced in class.<\/p>\n\n\n\n<div style=\"padding:20px;background:rgba(212,19,24,0.1);border:1px solid rgba(212,19,24,0.3);border-radius:12px;text-align:center;color:#888;margin:20px 0;\"><p>\ud83d\udd12 Please log in.<\/p><\/div>","protected":false},"excerpt":{"rendered":"<p>Alle Anf\u00e4ngerkatas auf einen Blick. Bitte achtet darauf, dass diese Katas zum Festigen und zu Hause \u00dcben gedacht sind, sie sind nicht daf\u00fcr gedacht die Katas komplett neu zu erlernen, da sie wegen des Videos spiegelverkehrt sein k\u00f6nnen oder die Winkel nicht korrekt erkannt werden! Bitte nutzt die Videos nur f\u00fcr Katas, die ihr im&nbsp;&hellip;<\/p>","protected":false},"author":1,"featured_media":0,"parent":0,"menu_order":0,"comment_status":"closed","ping_status":"closed","template":"","meta":{"footnotes":""},"class_list":["post-763","page","type-page","status-publish","hentry"],"_links":{"self":[{"href":"https:\/\/kiryoku-dojo.berlin\/en\/wp-json\/wp\/v2\/pages\/763","targetHints":{"allow":["GET"]}}],"collection":[{"href":"https:\/\/kiryoku-dojo.berlin\/en\/wp-json\/wp\/v2\/pages"}],"about":[{"href":"https:\/\/kiryoku-dojo.berlin\/en\/wp-json\/wp\/v2\/types\/page"}],"author":[{"embeddable":true,"href":"https:\/\/kiryoku-dojo.berlin\/en\/wp-json\/wp\/v2\/users\/1"}],"replies":[{"embeddable":true,"href":"https:\/\/kiryoku-dojo.berlin\/en\/wp-json\/wp\/v2\/comments?post=763"}],"version-history":[{"count":8,"href":"https:\/\/kiryoku-dojo.berlin\/en\/wp-json\/wp\/v2\/pages\/763\/revisions"}],"predecessor-version":[{"id":875,"href":"https:\/\/kiryoku-dojo.berlin\/en\/wp-json\/wp\/v2\/pages\/763\/revisions\/875"}],"wp:attachment":[{"href":"https:\/\/kiryoku-dojo.berlin\/en\/wp-json\/wp\/v2\/media?parent=763"}],"curies":[{"name":"wp","href":"https:\/\/api.w.org\/{rel}","templated":true}]}}