{"id":449,"date":"2025-06-04T09:02:51","date_gmt":"2025-06-04T07:02:51","guid":{"rendered":"https:\/\/kiryoku-dojo.berlin\/?page_id=449"},"modified":"2025-06-04T09:05:42","modified_gmt":"2025-06-04T07:05:42","slug":"mitgliederbereich","status":"publish","type":"page","link":"https:\/\/kiryoku-dojo.berlin\/en\/mitgliederbereich\/","title":{"rendered":"Member Area"},"content":{"rendered":"<p>Welcome to the Members' Area! Here you'll find videos and information accessible exclusively to club members.<\/p>\n\n\n\n<p>Have fun.<\/p>","protected":false},"excerpt":{"rendered":"<p>Herzlich Willkommen im Mitgliederbereich, hier findest du Videos und Informationen die ausschlie\u00dflich f\u00fcr Mitglieder des Vereins zug\u00e4nglich sind. Viel Spa\u00df.<\/p>","protected":false},"author":1,"featured_media":0,"parent":0,"menu_order":0,"comment_status":"closed","ping_status":"closed","template":"","meta":{"footnotes":""},"class_list":["post-449","page","type-page","status-publish","hentry"],"_links":{"self":[{"href":"https:\/\/kiryoku-dojo.berlin\/en\/wp-json\/wp\/v2\/pages\/449","targetHints":{"allow":["GET"]}}],"collection":[{"href":"https:\/\/kiryoku-dojo.berlin\/en\/wp-json\/wp\/v2\/pages"}],"about":[{"href":"https:\/\/kiryoku-dojo.berlin\/en\/wp-json\/wp\/v2\/types\/page"}],"author":[{"embeddable":true,"href":"https:\/\/kiryoku-dojo.berlin\/en\/wp-json\/wp\/v2\/users\/1"}],"replies":[{"embeddable":true,"href":"https:\/\/kiryoku-dojo.berlin\/en\/wp-json\/wp\/v2\/comments?post=449"}],"version-history":[{"count":2,"href":"https:\/\/kiryoku-dojo.berlin\/en\/wp-json\/wp\/v2\/pages\/449\/revisions"}],"predecessor-version":[{"id":453,"href":"https:\/\/kiryoku-dojo.berlin\/en\/wp-json\/wp\/v2\/pages\/449\/revisions\/453"}],"wp:attachment":[{"href":"https:\/\/kiryoku-dojo.berlin\/en\/wp-json\/wp\/v2\/media?parent=449"}],"curies":[{"name":"wp","href":"https:\/\/api.w.org\/{rel}","templated":true}]}}