{"id":429,"date":"2025-06-02T16:44:43","date_gmt":"2025-06-02T14:44:43","guid":{"rendered":"https:\/\/kiryoku-dojo.berlin\/?page_id=429"},"modified":"2025-06-02T16:44:44","modified_gmt":"2025-06-02T14:44:44","slug":"impressum","status":"publish","type":"page","link":"https:\/\/kiryoku-dojo.berlin\/en\/impressum\/","title":{"rendered":"Legal Notice"},"content":{"rendered":"<h1>Legal Notice<\/h1>\n\n<p><strong>Angaben gem\u00e4\u00df \u00a7 5 TMG:<\/strong><br>\nKiryoku Dojo e.V.<br>\nScharnhorststr. 3b<br>\n10115 Berlin<br>\nDeutschland\n<\/p>\n\n<p><strong>Vertreten durch den Vorstand:<\/strong><br>\nDominik L\u00fcbben (Vorstandsvorsitzender)<br>\nRobert Nenninger (stellv. Vorsitzender)<br>\nFelix Kuchinka (Schatzmeister)\n<\/p>\n\n<p><strong>Kontakt:<\/strong><br>\nE-Mail: <a href=\"mailto:kontakt@kiryoku-dojo.berlin\">kontakt@kiryoku-dojo.berlin<\/a>\n<!-- Telefonnummer kannst du hier erg\u00e4nzen, falls gew\u00fcnscht -->\n<\/p>\n\n<p><strong>Registereintrag:<\/strong><br>\nEintragung im Vereinsregister.<br>\nRegistergericht: Amtsgericht Charlottenburg<br>\nRegisternummer: VR 35844 B\n<\/p>\n\n<p><strong>Inhaltlich verantwortlich gem\u00e4\u00df \u00a7 55 Abs. 2 RStV:<\/strong><br>\nDominik L\u00fcbben<br>\nScharnhorststr. 3b<br>\n10115 Berlin\n<\/p>\n\n<p><strong>Haftung f\u00fcr Inhalte:<\/strong><br>\nAls Diensteanbieter sind wir gem\u00e4\u00df \u00a7 7 Abs.1 TMG f\u00fcr eigene Inhalte auf diesen Seiten nach den allgemeinen Gesetzen verantwortlich. \nNach \u00a7\u00a7 8 bis 10 TMG sind wir jedoch nicht verpflichtet, \u00fcbermittelte oder gespeicherte fremde Informationen zu \u00fcberwachen oder nach Umst\u00e4nden zu forschen, \ndie auf eine rechtswidrige T\u00e4tigkeit hinweisen.\nVerpflichtungen zur Entfernung oder Sperrung der Nutzung von Informationen nach den allgemeinen Gesetzen bleiben hiervon unber\u00fchrt.\nEine diesbez\u00fcgliche Haftung ist jedoch erst ab dem Zeitpunkt der Kenntnis einer konkreten Rechtsverletzung m\u00f6glich. \nBei Bekanntwerden von entsprechenden Rechtsverletzungen werden wir diese Inhalte umgehend entfernen.\n<\/p>\n\n<p><strong>Haftung f\u00fcr Links:<\/strong><br>\nUnser Angebot enth\u00e4lt Links zu externen Websites Dritter, auf deren Inhalte wir keinen Einfluss haben. \nDeshalb k\u00f6nnen wir f\u00fcr diese fremden Inhalte auch keine Gew\u00e4hr \u00fcbernehmen. \nF\u00fcr die Inhalte der verlinkten Seiten ist stets der jeweilige Anbieter oder Betreiber der Seiten verantwortlich. \nDie verlinkten Seiten wurden zum Zeitpunkt der Verlinkung auf m\u00f6gliche Rechtsverst\u00f6\u00dfe \u00fcberpr\u00fcft. \nRechtswidrige Inhalte waren zum Zeitpunkt der Verlinkung nicht erkennbar. \nEine permanente inhaltliche Kontrolle der verlinkten Seiten ist jedoch ohne konkrete Anhaltspunkte einer Rechtsverletzung nicht zumutbar. \nBei Bekanntwerden von Rechtsverletzungen werden wir derartige Links umgehend entfernen.\n<\/p>\n\n<p><strong>Urheberrecht:<\/strong><br>\nDie durch die Seitenbetreiber erstellten Inhalte und Werke auf diesen Seiten unterliegen dem deutschen Urheberrecht. \nDie Vervielf\u00e4ltigung, Bearbeitung, Verbreitung und jede Art der Verwertung au\u00dferhalb der Grenzen des Urheberrechtes bed\u00fcrfen der schriftlichen Zustimmung des jeweiligen Autors bzw. Erstellers. \nDownloads und Kopien dieser Seite sind nur f\u00fcr den privaten, nicht kommerziellen Gebrauch gestattet. \nSoweit die Inhalte auf dieser Seite nicht vom Betreiber erstellt wurden, werden die Urheberrechte Dritter beachtet. \nInsbesondere werden Inhalte Dritter als solche gekennzeichnet. \nSollten Sie trotzdem auf eine Urheberrechtsverletzung aufmerksam werden, bitten wir um einen entsprechenden Hinweis. \nBei Bekanntwerden von Rechtsverletzungen werden wir derartige Inhalte umgehend entfernen.\n<\/p>","protected":false},"excerpt":{"rendered":"<p>Impressum Angaben gem\u00e4\u00df \u00a7 5 TMG: Kiryoku Dojo e.V. Scharnhorststr. 3b 10115 Berlin Deutschland Vertreten durch den Vorstand: Dominik L\u00fcbben (Vorstandsvorsitzender) Robert Nenninger (stellv. Vorsitzender) Felix Kuchinka (Schatzmeister) Kontakt: E-Mail: kontakt@kiryoku-dojo.berlin Registereintrag: Eintragung im Vereinsregister. Registergericht: Amtsgericht Charlottenburg Registernummer: VR 35844 B Inhaltlich verantwortlich gem\u00e4\u00df \u00a7 55 Abs. 2 RStV: Dominik L\u00fcbben Scharnhorststr. 3b 10115&nbsp;&hellip;<\/p>","protected":false},"author":1,"featured_media":0,"parent":0,"menu_order":0,"comment_status":"closed","ping_status":"closed","template":"","meta":{"footnotes":""},"class_list":["post-429","page","type-page","status-publish","hentry"],"_links":{"self":[{"href":"https:\/\/kiryoku-dojo.berlin\/en\/wp-json\/wp\/v2\/pages\/429","targetHints":{"allow":["GET"]}}],"collection":[{"href":"https:\/\/kiryoku-dojo.berlin\/en\/wp-json\/wp\/v2\/pages"}],"about":[{"href":"https:\/\/kiryoku-dojo.berlin\/en\/wp-json\/wp\/v2\/types\/page"}],"author":[{"embeddable":true,"href":"https:\/\/kiryoku-dojo.berlin\/en\/wp-json\/wp\/v2\/users\/1"}],"replies":[{"embeddable":true,"href":"https:\/\/kiryoku-dojo.berlin\/en\/wp-json\/wp\/v2\/comments?post=429"}],"version-history":[{"count":1,"href":"https:\/\/kiryoku-dojo.berlin\/en\/wp-json\/wp\/v2\/pages\/429\/revisions"}],"predecessor-version":[{"id":430,"href":"https:\/\/kiryoku-dojo.berlin\/en\/wp-json\/wp\/v2\/pages\/429\/revisions\/430"}],"wp:attachment":[{"href":"https:\/\/kiryoku-dojo.berlin\/en\/wp-json\/wp\/v2\/media?parent=429"}],"curies":[{"name":"wp","href":"https:\/\/api.w.org\/{rel}","templated":true}]}}