{"id":209,"date":"2025-05-24T14:04:23","date_gmt":"2025-05-24T12:04:23","guid":{"rendered":"https:\/\/kiryoku-dojo.berlin\/?page_id=209"},"modified":"2025-06-02T17:21:17","modified_gmt":"2025-06-02T15:21:17","slug":"kata","status":"publish","type":"page","link":"https:\/\/kiryoku-dojo.berlin\/en\/kata\/","title":{"rendered":"Kata"},"content":{"rendered":"<p><strong>Kata means 'prearranged form.<\/strong> These are pre-defined sequences of techniques that reflect the entire system. They are the heart of Karate training, promoting not only physical fitness and agility, but also mental discipline and focus.<\/p>\n\n\n\n<figure class=\"wp-block-image size-full is-resized is-style-default\"><img loading=\"lazy\" decoding=\"async\" width=\"1009\" height=\"653\" src=\"https:\/\/kiryoku-dojo.berlin\/wp-content\/uploads\/2025\/05\/kata.jpg\" alt=\"\" class=\"wp-image-286\" style=\"width:827px;height:auto\" srcset=\"https:\/\/kiryoku-dojo.berlin\/wp-content\/uploads\/2025\/05\/kata.jpg 1009w, https:\/\/kiryoku-dojo.berlin\/wp-content\/uploads\/2025\/05\/kata-300x194.jpg 300w, https:\/\/kiryoku-dojo.berlin\/wp-content\/uploads\/2025\/05\/kata-768x497.jpg 768w\" sizes=\"auto, (max-width: 1009px) 100vw, 1009px\" \/><\/figure>\n\n\n\n<p>These prearranged forms allow students to independently practice and internalize the principles of the entire system. Each Kata has its own unique history and meaning.<\/p>\n\n\n<p><h3>Main Katas<\/h3><br \/>1. Pinan Shodan<br \/>2. Pinan Nidan<br \/>3. Pinan Sandan<br \/>4. Seisan<br \/>5. Shintai Sho<br \/>6. Pinan Yondan<br \/>7. Wanshu Sho<br \/>8. Pinan Godan<br \/>9. Neihanchi (Shodan)<br \/>10. Chiinto<br \/>11. Seiunchin<br \/>12. Itosu no Passai (Passai Sho)<br \/>13. Araku<br \/>14. Kusanku Dai<\/p>\n<p><h3>Children's Katas<\/h3><br \/>1. Kihon Kata Ichi<br \/>2. Kihon Kata Ni<br \/>3. Kihon Kata San<br \/>4. Kihon Kata Yon<br \/>5. Kihon Kata Go<\/p>\n<p><h3>Weapon Katas<\/h3><br \/>1. Kihon no hanbo ichi<br \/>2. Katana Ichi<br \/>3. Muzo-No-Zen<\/p>\n<p><h3>Sanchin Katas:<\/h3><br \/>1. Sanchin Ichi<br \/>2. Sanchin Ni<br \/>3. Saifa<br \/>4. Tensho<br \/>5. Sanchin Dai<\/p>","protected":false},"excerpt":{"rendered":"<p>Kata bedeutet festgelegte Form. Es handelt sich hierbei um vorher definierte Abfolgen von Techniken, die das gesamte System widerspiegeln. Sie sind das Herzst\u00fcck des Karate-Trainings und f\u00f6rdern nicht nur die k\u00f6rperliche Fitness und Beweglichkeit, sondern auch die mentale Disziplin und Konzentration. Die festen Formen erm\u00f6glichen es den Sch\u00fclern, die Prinzipien des gesamten Systems selbstst\u00e4ndig zu&nbsp;&hellip;<\/p>","protected":false},"author":1,"featured_media":0,"parent":0,"menu_order":0,"comment_status":"closed","ping_status":"closed","template":"","meta":{"footnotes":""},"class_list":["post-209","page","type-page","status-publish","hentry"],"_links":{"self":[{"href":"https:\/\/kiryoku-dojo.berlin\/en\/wp-json\/wp\/v2\/pages\/209","targetHints":{"allow":["GET"]}}],"collection":[{"href":"https:\/\/kiryoku-dojo.berlin\/en\/wp-json\/wp\/v2\/pages"}],"about":[{"href":"https:\/\/kiryoku-dojo.berlin\/en\/wp-json\/wp\/v2\/types\/page"}],"author":[{"embeddable":true,"href":"https:\/\/kiryoku-dojo.berlin\/en\/wp-json\/wp\/v2\/users\/1"}],"replies":[{"embeddable":true,"href":"https:\/\/kiryoku-dojo.berlin\/en\/wp-json\/wp\/v2\/comments?post=209"}],"version-history":[{"count":10,"href":"https:\/\/kiryoku-dojo.berlin\/en\/wp-json\/wp\/v2\/pages\/209\/revisions"}],"predecessor-version":[{"id":446,"href":"https:\/\/kiryoku-dojo.berlin\/en\/wp-json\/wp\/v2\/pages\/209\/revisions\/446"}],"wp:attachment":[{"href":"https:\/\/kiryoku-dojo.berlin\/en\/wp-json\/wp\/v2\/media?parent=209"}],"curies":[{"name":"wp","href":"https:\/\/api.w.org\/{rel}","templated":true}]}}