{"id":1032,"date":"2026-02-27T11:50:00","date_gmt":"2026-02-27T10:50:00","guid":{"rendered":"https:\/\/kiryoku-dojo.berlin\/?page_id=1032"},"modified":"2026-02-27T11:50:00","modified_gmt":"2026-02-27T10:50:00","slug":"7-tugenden-der-samurai","status":"publish","type":"page","link":"https:\/\/kiryoku-dojo.berlin\/en\/7-tugenden-der-samurai\/","title":{"rendered":"7 Tugenden der Samurai"},"content":{"rendered":"<p><strong>Hier einmal der Versuch den Bushido-Kodex, bzw. die 7 Tugenden der Samurai aus der blumigen Sprache herauszul\u00f6sen und etwas verst\u00e4ndlicher zu machen.<\/strong><\/p>\n\n\n\n<p><strong><br>\u00a0Mut<br>\u00a0<\/strong> Entsprechend dem Bushido, dem Weg des Kriegers kannst du nur frei sein, wenn du mutig bist. Es ist der Mut, der es einem erm\u00f6glicht, frei zu leben, ohne die Fesseln, die die Angst dir anlegt. Mit Mut meint man hierbei keine blinde Verwegenheit. Wahrer Mut muss stets von Intelligenz und St\u00e4rke begleitet sein. Angst existiert, aber wir d\u00fcrfen uns nicht von ihr \u00fcberw\u00e4ltigen lassen. Stattdessen sollten wir sie durch Vorsicht und Respekt ersetzen. Nur so kann echter Mut entstehen. sucht Mut, um zu handeln, vor allem, um gro\u00dfe Dinge zu tun.<br>\u00a0 F\u00fcr viele Taten in unserem Leben brauchen wir diesen Mut, um unser Pers\u00f6nlichkeit herauszustellen, unsere Meinung und unseren Standpunkt zu vertreten, unbekannte Aufgaben zu bew\u00e4ltigen.<\/p>\n\n\n\n<p><br>\u00a0<strong>H\u00f6flichkeit<br>\u00a0<\/strong> Auf dem Weg des Kriegers sind mit H\u00f6flichkeit nicht einfach eine Reihe von freundlichen Gesten oder guten Manieren gemeint. In Wirklichkeit handelt es sich um eine Tugend, die eng mit dem Respekt f\u00fcr andere verbunden ist, auch wenn es sich bei ihm um einen Feind handeln sollte.<br>\u00a0 H\u00f6flichkeit basiert vor allem auf der R\u00fccksicht anderen Menschen gegen\u00fcber, unabh\u00e4ngig von den Umst\u00e4nden. Das bedeutet, nicht grausam zu sein und unn\u00f6tige Demonstrationen von Macht oder St\u00e4rke abzulehnen. Es ist eine Tugend, die Charakter und innere St\u00e4rke zeigt.<br>\u00a0 Intrigen, Neid, Hinterlistigkeit etc. (heute k\u00f6nnte man darunter auch Mobbing verstehen) zeugen von niederem Charakter, da die H\u00f6flichkeit und der damit verbundene Respekt fehlt.<\/p>\n\n\n\n<p><br>\u00a0<strong>Mitgef\u00fchl<br>\u00a0<\/strong> Die St\u00e4rke und die Kraft, die wir in uns tragen, soll zum Wohl aller Menschen genutzt werden. Dies zeigt der Weg des Kriegers, der auch auf Solidarit\u00e4t aufbaut.<br>\u00a0 Mitgef\u00fchl ist nicht nur ein Gef\u00fchl, es muss auch in konkrete Handlungen umgesetzt werden. Wann immer du jemandem helfen kannst, solltest du es auch tun. Und wenn sich die M\u00f6glichkeit nicht ergibt, jemandem zu helfen, muss man in die Welt hinausgehen und gezielt nach solch einer M\u00f6glichkeit suchen.<\/p>\n\n\n\n<p><br>\u00a0<strong>Gerechtigkeit<br>\u00a0<\/strong> Der Weg des Kriegers besagt, dass Gerechtigkeit nicht halbherzig betrieben werden kann. Nach dieser uralten Weisheit gehen wir in dem, was wir als Recht oder Unrecht definieren, davon aus, was wir als Wahrheit verstehen. Das Rechte wird belohnt werden und das Unrechte bestraft.<br>\u00a0 Fair zu sein hei\u00dft, immer recht zu handeln. Unser Verhalten sollte dabei nicht davon abh\u00e4ngen, was andere sagen, sondern nur von uns selbst. Jeder wei\u00df tief in seinem Herzen, was recht ist und was nicht. Man soll nur dem Licht folgen, das von einem selbst ausgeht.<br>\u00a0 Dies ist sehr schwierig zu verstehen, da es unterschiedliche Auffassungen von Gerechtigkeit gibt. Grundlage war gleiches gleich zu behandeln und ungleiches ungleich.<\/p>\n\n\n\n<p><br>\u00a0<strong>Loyalit\u00e4t<br>\u00a0<\/strong> Was jemand tut oder sagt, ist ein Teil seines Charakters. Deshalb sind die Konsequenzen auch immer unsere eigenen. Es gilt daher, Verantwortung zu verinnerlichen, bevor man handelt oder etwas zum Ausdruck bringt. Man k\u00f6nnte es auch mit Karma -Ursache und Wirkung \u2013 bezeichnen.<br>\u00a0 Loyalit\u00e4t bedeutet vor allem Loyalit\u00e4t sich selbst gegen\u00fcber. Die F\u00e4higkeit, konsistent oder koh\u00e4rent zu sein. Insofern ist es auch eine Verpflichtung, auf Taten und Worte zu reagieren. Loyalit\u00e4t wohnt nur in den St\u00e4rksten und Edelsten.<br>\u00a0 Das Wort und die Aufrichtigkeit<br>\u00a0 F\u00fcr den Samurai hat das Wort einen immensen Wert. Man spricht nicht einfach, nur um zu sprechen. Deshalb sind im Weg des Kriegers die Worte den Taten auch gleichgestellt. Wenn etwas gesagt wird, wird es so wahrgenommen, als h\u00e4tte man es schon gemacht.<br>\u00a0 In dieser Philosophie wird der Wert eines Versprechens eliminiert. Versprechen sind hier nicht notwendig. Es gen\u00fcgt, zu sagen, dass etwas unternommen wird, damit das Gegen\u00fcber wei\u00df, dass es getan wird. Das ist nur m\u00f6glich unter diejenigen, die v\u00f6llig ehrlich zu sich selbst und zu anderen sind.<\/p>\n\n\n\n<p><br>\u00a0<strong>Die Ehre<br>\u00a0<\/strong> Laut dem Weg des Kriegers ist die gr\u00f6\u00dfte aller Tugenden die Ehre. Ehrbar zu sein hei\u00dft, mit Rechtschaffenheit zu handeln, unabh\u00e4ngig von den Umst\u00e4nden. Erf\u00fclle deine Pflicht und halte dich an die Werte, ohne zu ber\u00fccksichtigen, ob diese von anderen vertreten werden oder nicht.<br>\u00a0 Ehre ist mit dem Respekt f\u00fcr sich selbst verbunden. Dieser beinhaltet, nicht in unmoralisches oder verabscheuungsw\u00fcrdiges Verhalten zu verfallen. Ehre ist in dieser Philosophie so wichtig, dass der Samurai, der den einzigen Weg verliert, Wiedergutmachung nur dadurch erlangen kann, dass er sich das Leben nimmt.<br>\u00a0 Das Interessanteste am Weg des Kriegers ist, dass die Werte, die dieser ethische Kodex beschreibt, noch immer G\u00fcltigkeit haben, obwohl er so alt ist. Die Welt w\u00fcrde ganz anders aussehen, wenn wir in jedem Konflikt oder bei jeder Konfrontation diese wertvollen Prinzipien der Samurai anwenden w\u00fcrden.<\/p>\n\n\n\n<p><\/p>","protected":false},"excerpt":{"rendered":"<p>Hier einmal der Versuch den Bushido-Kodex, bzw. die 7 Tugenden der Samurai aus der blumigen Sprache herauszul\u00f6sen und etwas verst\u00e4ndlicher zu machen. \u00a0Mut\u00a0 Entsprechend dem Bushido, dem Weg des Kriegers kannst du nur frei sein, wenn du mutig bist. Es ist der Mut, der es einem erm\u00f6glicht, frei zu leben, ohne die Fesseln, die die&nbsp;&hellip;<\/p>","protected":false},"author":1,"featured_media":0,"parent":0,"menu_order":0,"comment_status":"closed","ping_status":"closed","template":"","meta":{"footnotes":""},"class_list":["post-1032","page","type-page","status-publish","hentry"],"_links":{"self":[{"href":"https:\/\/kiryoku-dojo.berlin\/en\/wp-json\/wp\/v2\/pages\/1032","targetHints":{"allow":["GET"]}}],"collection":[{"href":"https:\/\/kiryoku-dojo.berlin\/en\/wp-json\/wp\/v2\/pages"}],"about":[{"href":"https:\/\/kiryoku-dojo.berlin\/en\/wp-json\/wp\/v2\/types\/page"}],"author":[{"embeddable":true,"href":"https:\/\/kiryoku-dojo.berlin\/en\/wp-json\/wp\/v2\/users\/1"}],"replies":[{"embeddable":true,"href":"https:\/\/kiryoku-dojo.berlin\/en\/wp-json\/wp\/v2\/comments?post=1032"}],"version-history":[{"count":1,"href":"https:\/\/kiryoku-dojo.berlin\/en\/wp-json\/wp\/v2\/pages\/1032\/revisions"}],"predecessor-version":[{"id":1033,"href":"https:\/\/kiryoku-dojo.berlin\/en\/wp-json\/wp\/v2\/pages\/1032\/revisions\/1033"}],"wp:attachment":[{"href":"https:\/\/kiryoku-dojo.berlin\/en\/wp-json\/wp\/v2\/media?parent=1032"}],"curies":[{"name":"wp","href":"https:\/\/api.w.org\/{rel}","templated":true}]}}